{"id":632,"date":"2020-01-31T11:14:55","date_gmt":"2020-01-31T11:14:55","guid":{"rendered":"https:\/\/debeerze.nl\/?page_id=632"},"modified":"2026-04-09T08:21:31","modified_gmt":"2026-04-09T08:21:31","slug":"duurzaam","status":"publish","type":"page","link":"https:\/\/debeerze.nl\/de\/duurzaam\/","title":{"rendered":"Nachhaltiger Genuss bei De Beerze"},"content":{"rendered":"<p>Das Boutique Hotel De Beerze liegt in einer gr\u00fcnen Umgebung. Ein Umfeld, das wir gerne pflegen und sch\u00e4tzen. Deshalb hat De Beerze in die Integration nachhaltiger L\u00f6sungen in das t\u00e4gliche Leben investiert. Mit Blick auf Nachhaltigkeit ist es De Beerze gelungen: <a href=\"https:\/\/www.greenkey.nl\/bedrijf\/Boutique-Hotel-De-Beerze\" target=\"_blank\" rel=\"noopener noreferrer\">Green Key Gold label<\/a> tragen d\u00fcrfen, aber wo sehen Sie das?<\/p>\n<h2>NACHHALTIGE KONSTRUKTION<\/h2>\n<p>Das Boutique Hotel De Beerze hat ein historisches Erscheinungsbild, aber hinter dieser authentischen H\u00fclle verbergen sich die Elemente, die es uns erm\u00f6glichen, die A++++-Standards zu erf\u00fcllen. Mit anderen Worten; Zeitgem\u00e4\u00dfes Wissen in charmantem Gewand.<\/p>\n<h2>ENERGIE<\/h2>\n<p>Gas ist ein fossiler Brennstoff. Deshalb haben wir daf\u00fcr gesorgt, dass alles mit Strom l\u00e4uft. Wir nutzen diese Energie so effizient wie m\u00f6glich. Wir k\u00f6nnen alle R\u00e4ume separat heizen und k\u00fchlen. So geht nichts verloren! Wir verf\u00fcgen sogar \u00fcber eine CO2-betriebene W\u00e4rmepumpe, um der Luft W\u00e4rme zu entziehen.<\/p>\n<h2>REINIGUNGS- UND PFLEGEARTIKEL<\/h2>\n<p>Nachhaltigkeit ist f\u00fcr uns zentral und das bedeutet, dass sich dieser Aspekt auch in allen Details widerspiegeln muss. Wir w\u00e4hlen unsere Lieferanten sorgf\u00e4ltig aus, denn so k\u00f6nnen wir unsere Grundwerte angemessen sch\u00fctzen. Wir verwenden zum Beispiel die Pflegeprodukte von Marie-Stella-Maris. Eine einzigartige Marke, die Nachhaltigkeit und nat\u00fcrliche Inhaltsstoffe in einem einzigartigen Produkt vereint. Diese Produkte bieten ein optimales Erlebnis sowohl f\u00fcr das Boutique-Hotel als auch f\u00fcr das Grand Caf\u00e9. Wann werden Sie kommen und in diesen nachhaltigen Luxus eintauchen?<\/p>\n<p>Au\u00dferdem unterst\u00fctzen wir die Marie-Stella-Maris-Stiftung, die sich f\u00fcr sauberes Trinkwasser in Entwicklungsl\u00e4ndern einsetzt.<\/p>\n<p><em><a href=\"https:\/\/debeerze.nl\/wp-content\/uploads\/2021\/04\/Hulpmiddel-MVO-Verklaring.pdf\" target=\"_blank\" rel=\"noopener noreferrer\">Lesen Sie hier unsere CSR-Erkl\u00e4rung<\/a>.<\/em><a href=\"https:\/\/www.greenkey.nl\/\"><img loading=\"lazy\" decoding=\"async\" class=\"alignright wp-image-1355\" src=\"https:\/\/debeerze.nl\/wp-content\/uploads\/2021\/04\/Green-key-logo-Nederland-150x150.jpg\" alt=\"Green Key\" width=\"75\" height=\"75\" srcset=\"https:\/\/debeerze.nl\/wp-content\/uploads\/2021\/04\/Green-key-logo-Nederland-150x150.jpg 150w, https:\/\/debeerze.nl\/wp-content\/uploads\/2021\/04\/Green-key-logo-Nederland-100x100.jpg 100w, https:\/\/debeerze.nl\/wp-content\/uploads\/2021\/04\/Green-key-logo-Nederland-16x16.jpg 16w, https:\/\/debeerze.nl\/wp-content\/uploads\/2021\/04\/Green-key-logo-Nederland.jpg 236w\" sizes=\"auto, (max-width: 75px) 100vw, 75px\" \/><\/a><\/p>\n<p>&nbsp;<\/p>","protected":false},"excerpt":{"rendered":"<p>Boutique Hotel De Beerze vind je in een omgeving vol groen. Een omgeving die we graag in stand houden en koesteren. Daarom heeft De Beerze ge\u00efnvesteerd in het integreren van duurzame oplossingen in het dagelijkse leven. Met oog voor duurzaamheid is het De Beerze gelukt om het Green Key Gold label te mogen dragen, maar &hellip;<\/p>","protected":false},"author":4,"featured_media":0,"parent":0,"menu_order":0,"comment_status":"closed","ping_status":"closed","template":"standardpage.php","meta":{"_acf_changed":false,"footnotes":""},"class_list":["post-632","page","type-page","status-publish","hentry"],"acf":[],"yoast_head":"<!-- This site is optimized with the Yoast SEO plugin v27.3 - https:\/\/yoast.com\/product\/yoast-seo-wordpress\/ -->\n<title>Duurzaam genieten bij De Beerze - De Beerze<\/title>\n<meta name=\"description\" content=\"Duurzaam genieten is volgens ons n\u00f3g fijner. Bij De Beerze staat duurzaamheid hoog in het vaandel en hebben we oog voor de omgeving en de toekomst.\" \/>\n<meta name=\"robots\" content=\"index, follow, max-snippet:-1, max-image-preview:large, max-video-preview:-1\" \/>\n<link rel=\"canonical\" href=\"https:\/\/debeerze.nl\/de\/duurzaam\/\" \/>\n<meta property=\"og:locale\" content=\"de_DE\" \/>\n<meta property=\"og:type\" content=\"article\" \/>\n<meta property=\"og:title\" content=\"Duurzaam genieten bij De Beerze - De Beerze\" \/>\n<meta property=\"og:description\" content=\"Duurzaam genieten is volgens ons n\u00f3g fijner. Bij De Beerze staat duurzaamheid hoog in het vaandel en hebben we oog voor de omgeving en de toekomst.\" \/>\n<meta property=\"og:url\" content=\"https:\/\/debeerze.nl\/de\/duurzaam\/\" \/>\n<meta property=\"og:site_name\" content=\"De Beerze\" \/>\n<meta property=\"article:modified_time\" content=\"2026-04-09T08:21:31+00:00\" \/>\n<meta property=\"og:image\" content=\"https:\/\/debeerze.nl\/wp-content\/uploads\/2021\/04\/Green-key-logo-Nederland.jpg\" \/>\n\t<meta property=\"og:image:width\" content=\"236\" \/>\n\t<meta property=\"og:image:height\" content=\"236\" \/>\n\t<meta property=\"og:image:type\" content=\"image\/jpeg\" \/>\n<meta name=\"twitter:card\" content=\"summary_large_image\" \/>\n<meta name=\"twitter:label1\" content=\"Gesch\u00e4tzte Lesezeit\" \/>\n\t<meta name=\"twitter:data1\" content=\"2\u00a0Minuten\" \/>\n<script type=\"application\/ld+json\" class=\"yoast-schema-graph\">{\"@context\":\"https:\\\/\\\/schema.org\",\"@graph\":[{\"@type\":\"WebPage\",\"@id\":\"https:\\\/\\\/debeerze.nl\\\/duurzaam\\\/\",\"url\":\"https:\\\/\\\/debeerze.nl\\\/duurzaam\\\/\",\"name\":\"Duurzaam genieten bij De Beerze - De Beerze\",\"isPartOf\":{\"@id\":\"https:\\\/\\\/debeerze.nl\\\/#website\"},\"primaryImageOfPage\":{\"@id\":\"https:\\\/\\\/debeerze.nl\\\/duurzaam\\\/#primaryimage\"},\"image\":{\"@id\":\"https:\\\/\\\/debeerze.nl\\\/duurzaam\\\/#primaryimage\"},\"thumbnailUrl\":\"https:\\\/\\\/debeerze.nl\\\/wp-content\\\/uploads\\\/2021\\\/04\\\/Green-key-logo-Nederland-150x150.jpg\",\"datePublished\":\"2020-01-31T11:14:55+00:00\",\"dateModified\":\"2026-04-09T08:21:31+00:00\",\"description\":\"Duurzaam genieten is volgens ons n\u00f3g fijner. Bij De Beerze staat duurzaamheid hoog in het vaandel en hebben we oog voor de omgeving en de toekomst.\",\"breadcrumb\":{\"@id\":\"https:\\\/\\\/debeerze.nl\\\/duurzaam\\\/#breadcrumb\"},\"inLanguage\":\"de\",\"potentialAction\":[{\"@type\":\"ReadAction\",\"target\":[\"https:\\\/\\\/debeerze.nl\\\/duurzaam\\\/\"]}]},{\"@type\":\"ImageObject\",\"inLanguage\":\"de\",\"@id\":\"https:\\\/\\\/debeerze.nl\\\/duurzaam\\\/#primaryimage\",\"url\":\"https:\\\/\\\/debeerze.nl\\\/wp-content\\\/uploads\\\/2021\\\/04\\\/Green-key-logo-Nederland-150x150.jpg\",\"contentUrl\":\"https:\\\/\\\/debeerze.nl\\\/wp-content\\\/uploads\\\/2021\\\/04\\\/Green-key-logo-Nederland-150x150.jpg\"},{\"@type\":\"BreadcrumbList\",\"@id\":\"https:\\\/\\\/debeerze.nl\\\/duurzaam\\\/#breadcrumb\",\"itemListElement\":[{\"@type\":\"ListItem\",\"position\":1,\"name\":\"Home\",\"item\":\"https:\\\/\\\/debeerze.nl\\\/\"},{\"@type\":\"ListItem\",\"position\":2,\"name\":\"Duurzaam genieten bij De Beerze\"}]},{\"@type\":\"WebSite\",\"@id\":\"https:\\\/\\\/debeerze.nl\\\/#website\",\"url\":\"https:\\\/\\\/debeerze.nl\\\/\",\"name\":\"De Beerze\",\"description\":\"\",\"publisher\":{\"@id\":\"https:\\\/\\\/debeerze.nl\\\/#organization\"},\"potentialAction\":[{\"@type\":\"SearchAction\",\"target\":{\"@type\":\"EntryPoint\",\"urlTemplate\":\"https:\\\/\\\/debeerze.nl\\\/?s={search_term_string}\"},\"query-input\":{\"@type\":\"PropertyValueSpecification\",\"valueRequired\":true,\"valueName\":\"search_term_string\"}}],\"inLanguage\":\"de\"},{\"@type\":\"Organization\",\"@id\":\"https:\\\/\\\/debeerze.nl\\\/#organization\",\"name\":\"De Beerze\",\"url\":\"https:\\\/\\\/debeerze.nl\\\/\",\"logo\":{\"@type\":\"ImageObject\",\"inLanguage\":\"de\",\"@id\":\"https:\\\/\\\/debeerze.nl\\\/#\\\/schema\\\/logo\\\/image\\\/\",\"url\":\"https:\\\/\\\/debeerze.nl\\\/wp-content\\\/uploads\\\/2020\\\/02\\\/DeBeerze_Donker-scaled.jpg\",\"contentUrl\":\"https:\\\/\\\/debeerze.nl\\\/wp-content\\\/uploads\\\/2020\\\/02\\\/DeBeerze_Donker-scaled.jpg\",\"width\":2560,\"height\":1806,\"caption\":\"De Beerze\"},\"image\":{\"@id\":\"https:\\\/\\\/debeerze.nl\\\/#\\\/schema\\\/logo\\\/image\\\/\"}}]}<\/script>\n<!-- \/ Yoast SEO plugin. -->","yoast_head_json":{"title":"Duurzaam genieten bij De Beerze - De Beerze","description":"Duurzaam genieten is volgens ons n\u00f3g fijner. Bij De Beerze staat duurzaamheid hoog in het vaandel en hebben we oog voor de omgeving en de toekomst.","robots":{"index":"index","follow":"follow","max-snippet":"max-snippet:-1","max-image-preview":"max-image-preview:large","max-video-preview":"max-video-preview:-1"},"canonical":"https:\/\/debeerze.nl\/de\/duurzaam\/","og_locale":"de_DE","og_type":"article","og_title":"Duurzaam genieten bij De Beerze - De Beerze","og_description":"Duurzaam genieten is volgens ons n\u00f3g fijner. Bij De Beerze staat duurzaamheid hoog in het vaandel en hebben we oog voor de omgeving en de toekomst.","og_url":"https:\/\/debeerze.nl\/de\/duurzaam\/","og_site_name":"De Beerze","article_modified_time":"2026-04-09T08:21:31+00:00","og_image":[{"width":236,"height":236,"url":"https:\/\/debeerze.nl\/wp-content\/uploads\/2021\/04\/Green-key-logo-Nederland.jpg","type":"image\/jpeg"}],"twitter_card":"summary_large_image","twitter_misc":{"Gesch\u00e4tzte Lesezeit":"2\u00a0Minuten"},"schema":{"@context":"https:\/\/schema.org","@graph":[{"@type":"WebPage","@id":"https:\/\/debeerze.nl\/duurzaam\/","url":"https:\/\/debeerze.nl\/duurzaam\/","name":"Duurzaam genieten bij De Beerze - De Beerze","isPartOf":{"@id":"https:\/\/debeerze.nl\/#website"},"primaryImageOfPage":{"@id":"https:\/\/debeerze.nl\/duurzaam\/#primaryimage"},"image":{"@id":"https:\/\/debeerze.nl\/duurzaam\/#primaryimage"},"thumbnailUrl":"https:\/\/debeerze.nl\/wp-content\/uploads\/2021\/04\/Green-key-logo-Nederland-150x150.jpg","datePublished":"2020-01-31T11:14:55+00:00","dateModified":"2026-04-09T08:21:31+00:00","description":"Duurzaam genieten is volgens ons n\u00f3g fijner. Bij De Beerze staat duurzaamheid hoog in het vaandel en hebben we oog voor de omgeving en de toekomst.","breadcrumb":{"@id":"https:\/\/debeerze.nl\/duurzaam\/#breadcrumb"},"inLanguage":"de","potentialAction":[{"@type":"ReadAction","target":["https:\/\/debeerze.nl\/duurzaam\/"]}]},{"@type":"ImageObject","inLanguage":"de","@id":"https:\/\/debeerze.nl\/duurzaam\/#primaryimage","url":"https:\/\/debeerze.nl\/wp-content\/uploads\/2021\/04\/Green-key-logo-Nederland-150x150.jpg","contentUrl":"https:\/\/debeerze.nl\/wp-content\/uploads\/2021\/04\/Green-key-logo-Nederland-150x150.jpg"},{"@type":"BreadcrumbList","@id":"https:\/\/debeerze.nl\/duurzaam\/#breadcrumb","itemListElement":[{"@type":"ListItem","position":1,"name":"Home","item":"https:\/\/debeerze.nl\/"},{"@type":"ListItem","position":2,"name":"Duurzaam genieten bij De Beerze"}]},{"@type":"WebSite","@id":"https:\/\/debeerze.nl\/#website","url":"https:\/\/debeerze.nl\/","name":"De Beerze","description":"","publisher":{"@id":"https:\/\/debeerze.nl\/#organization"},"potentialAction":[{"@type":"SearchAction","target":{"@type":"EntryPoint","urlTemplate":"https:\/\/debeerze.nl\/?s={search_term_string}"},"query-input":{"@type":"PropertyValueSpecification","valueRequired":true,"valueName":"search_term_string"}}],"inLanguage":"de"},{"@type":"Organization","@id":"https:\/\/debeerze.nl\/#organization","name":"De Beerze","url":"https:\/\/debeerze.nl\/","logo":{"@type":"ImageObject","inLanguage":"de","@id":"https:\/\/debeerze.nl\/#\/schema\/logo\/image\/","url":"https:\/\/debeerze.nl\/wp-content\/uploads\/2020\/02\/DeBeerze_Donker-scaled.jpg","contentUrl":"https:\/\/debeerze.nl\/wp-content\/uploads\/2020\/02\/DeBeerze_Donker-scaled.jpg","width":2560,"height":1806,"caption":"De Beerze"},"image":{"@id":"https:\/\/debeerze.nl\/#\/schema\/logo\/image\/"}}]}},"_links":{"self":[{"href":"https:\/\/debeerze.nl\/de\/wp-json\/wp\/v2\/pages\/632","targetHints":{"allow":["GET"]}}],"collection":[{"href":"https:\/\/debeerze.nl\/de\/wp-json\/wp\/v2\/pages"}],"about":[{"href":"https:\/\/debeerze.nl\/de\/wp-json\/wp\/v2\/types\/page"}],"author":[{"embeddable":true,"href":"https:\/\/debeerze.nl\/de\/wp-json\/wp\/v2\/users\/4"}],"replies":[{"embeddable":true,"href":"https:\/\/debeerze.nl\/de\/wp-json\/wp\/v2\/comments?post=632"}],"version-history":[{"count":4,"href":"https:\/\/debeerze.nl\/de\/wp-json\/wp\/v2\/pages\/632\/revisions"}],"predecessor-version":[{"id":2745,"href":"https:\/\/debeerze.nl\/de\/wp-json\/wp\/v2\/pages\/632\/revisions\/2745"}],"wp:attachment":[{"href":"https:\/\/debeerze.nl\/de\/wp-json\/wp\/v2\/media?parent=632"}],"curies":[{"name":"wp","href":"https:\/\/api.w.org\/{rel}","templated":true}]}}