{"id":1602,"date":"2022-07-21T11:31:00","date_gmt":"2022-07-21T11:31:00","guid":{"rendered":"https:\/\/debeerze.nl\/?page_id=1602"},"modified":"2026-01-06T22:07:36","modified_gmt":"2026-01-06T22:07:36","slug":"ontbijt","status":"publish","type":"page","link":"https:\/\/debeerze.nl\/de\/ontbijt\/","title":{"rendered":"Fr\u00fchst\u00fcck"},"content":{"rendered":"<p><em>Bitte beachten Sie: Meesterlijk ist vom 16. bis 25. Januar wegen Betriebsurlaub geschlossen. Sie k\u00f6nnen aber weiterhin eine Fr\u00fchst\u00fccksbox bestellen.<\/em><\/p>\n<p>Eine wunderbare \u00dcbernachtung rundet ein liebevoll zubereitetes Fr\u00fchst\u00fcck ab. Im Boutique-Hotel De Beerze haben Sie die Wahl: ein frisches Fr\u00fchst\u00fcck im <a href=\"https:\/\/www.lunchroommeesterlijk.nl\/ons_menu.php\">Meesterlijk<\/a> oder eine Fr\u00fchst\u00fccksbox, die morgens auf Ihr Zimmer geliefert wird. Das Fr\u00fchst\u00fcck ist nicht im Preis inbegriffen.<\/p>\n<p><strong>Fr\u00fchst\u00fccken Sie im Meesterlijk<br \/>\n<\/strong>Genie\u00dfen Sie ein k\u00f6stliches Fr\u00fchst\u00fcck im Meesterlijk in der Willibrordstraat 1, nur wenige Gehminuten vom Hotel entfernt. Die umfangreiche Speisekarte finden Sie <a href=\"https:\/\/www.lunchroommeesterlijk.nl\/pdf-viewer.php?kaart=Menukaarten\/Menukaart_EN.pdf\">hier<\/a> und in Ihrem Zimmer. Das Meesterlijk ist von Mittwoch bis Montag <strong>ab 9:00 Uhr ge\u00f6ffnet<\/strong>. Dienstags ist das Meesterlijk geschlossen. Das Fr\u00fchst\u00fcck im Meesterlijk ist kostenpflichtig. <a href=\"https:\/\/www.lunchroommeesterlijk.nl\/contact_&amp;_reserveren.php\">Reservierungen<\/a> sind nur erforderlich, wenn Sie spezielle Ern\u00e4hrungsbed\u00fcrfnisse haben oder wenn Sie wenig Zeit haben und Ihr Fr\u00fchst\u00fcck bei Ihrer Ankunft fertig haben m\u00f6chten.<\/p>\n<p><strong>Fr\u00fchst\u00fccksbox wird ins Hotel geliefert<br \/>\n<\/strong>Sie m\u00f6chten fr\u00fch aufstehen oder lieber gem\u00fctlich auf Ihrem Zimmer in den Tag starten? Dann ist unsere Fr\u00fchst\u00fccksbox ideal.<br \/>\nDie Box steht <strong>ab 7:30 Uhr<\/strong> (sonntags ab 8:30 Uhr) in der Hotellobby f\u00fcr Sie bereit.<\/p>\n<p>Diese Fr\u00fchst\u00fccksbox enth\u00e4lt pro Person:<\/p>\n<ul>\n<li>ein Br\u00f6tchen<\/li>\n<li>Croissant<\/li>\n<li>gekochtes Ei<\/li>\n<li>Joghurt mit M\u00fcsli<\/li>\n<li>ein St\u00fcck Obst<\/li>\n<li>frischen Orangensaft<\/li>\n<li>verschiedene Toppings<\/li>\n<\/ul>\n<p>Die Kosten betragen <strong>\u20ac 17,50 <\/strong>pro Person und k\u00f6nnen bequem \u00fcber das Hotel bezahlt werden. Sie k\u00f6nnen per WhatsApp, Telefon oder E-Mail bestellen. Bitte geben Sie Ihre Bestellung bis sp\u00e4testens 16:30 Uhr am Vortag auf. F\u00fcr das Fr\u00fchst\u00fcck am Mittwoch bestellen Sie bitte bis sp\u00e4testens 16:30 Uhr am Montag.<\/p>","protected":false},"excerpt":{"rendered":"<p>Let op: Meesterlijk is van 16 t\/m 25 januari gesloten i.v.m. vakantie. Het is dan wel mogelijk om een ontbijtbox te bestellen. Een fijne overnachting maak je compleet met een goed verzorgd ontbijt. Bij Boutique Hotel De Beerze heb je de keuze: een vers ontbijt bij Meesterlijk of een ontbijtbox op je kamer die \u2019s &hellip;<\/p>","protected":false},"author":4,"featured_media":0,"parent":0,"menu_order":0,"comment_status":"closed","ping_status":"closed","template":"standardpage.php","meta":{"_acf_changed":false,"footnotes":""},"class_list":["post-1602","page","type-page","status-publish","hentry"],"acf":[],"yoast_head":"<!-- This site is optimized with the Yoast SEO plugin v27.3 - https:\/\/yoast.com\/product\/yoast-seo-wordpress\/ -->\n<title>Ontbijt - De Beerze<\/title>\n<meta name=\"description\" content=\"Voor het ontbijt werken we samen met Meesterlijk. Je kunt bij Meesterlijk ter plekke ontbijten maar je kunt ook kiezen voor een ontbijtbox.\" \/>\n<meta name=\"robots\" content=\"index, follow, max-snippet:-1, max-image-preview:large, max-video-preview:-1\" \/>\n<link rel=\"canonical\" href=\"https:\/\/debeerze.nl\/de\/ontbijt\/\" \/>\n<meta property=\"og:locale\" content=\"de_DE\" \/>\n<meta property=\"og:type\" content=\"article\" \/>\n<meta property=\"og:title\" content=\"Ontbijt - De Beerze\" \/>\n<meta property=\"og:description\" content=\"Voor het ontbijt werken we samen met Meesterlijk. Je kunt bij Meesterlijk ter plekke ontbijten maar je kunt ook kiezen voor een ontbijtbox.\" \/>\n<meta property=\"og:url\" content=\"https:\/\/debeerze.nl\/de\/ontbijt\/\" \/>\n<meta property=\"og:site_name\" content=\"De Beerze\" \/>\n<meta property=\"article:modified_time\" content=\"2026-01-06T22:07:36+00:00\" \/>\n<meta name=\"twitter:card\" content=\"summary_large_image\" \/>\n<meta name=\"twitter:label1\" content=\"Gesch\u00e4tzte Lesezeit\" \/>\n\t<meta name=\"twitter:data1\" content=\"2\u00a0Minuten\" \/>\n<script type=\"application\/ld+json\" class=\"yoast-schema-graph\">{\"@context\":\"https:\\\/\\\/schema.org\",\"@graph\":[{\"@type\":\"WebPage\",\"@id\":\"https:\\\/\\\/debeerze.nl\\\/ontbijt\\\/\",\"url\":\"https:\\\/\\\/debeerze.nl\\\/ontbijt\\\/\",\"name\":\"Ontbijt - De Beerze\",\"isPartOf\":{\"@id\":\"https:\\\/\\\/debeerze.nl\\\/#website\"},\"datePublished\":\"2022-07-21T11:31:00+00:00\",\"dateModified\":\"2026-01-06T22:07:36+00:00\",\"description\":\"Voor het ontbijt werken we samen met Meesterlijk. Je kunt bij Meesterlijk ter plekke ontbijten maar je kunt ook kiezen voor een ontbijtbox.\",\"breadcrumb\":{\"@id\":\"https:\\\/\\\/debeerze.nl\\\/ontbijt\\\/#breadcrumb\"},\"inLanguage\":\"de\",\"potentialAction\":[{\"@type\":\"ReadAction\",\"target\":[\"https:\\\/\\\/debeerze.nl\\\/ontbijt\\\/\"]}]},{\"@type\":\"BreadcrumbList\",\"@id\":\"https:\\\/\\\/debeerze.nl\\\/ontbijt\\\/#breadcrumb\",\"itemListElement\":[{\"@type\":\"ListItem\",\"position\":1,\"name\":\"Home\",\"item\":\"https:\\\/\\\/debeerze.nl\\\/\"},{\"@type\":\"ListItem\",\"position\":2,\"name\":\"Ontbijt\"}]},{\"@type\":\"WebSite\",\"@id\":\"https:\\\/\\\/debeerze.nl\\\/#website\",\"url\":\"https:\\\/\\\/debeerze.nl\\\/\",\"name\":\"De Beerze\",\"description\":\"\",\"publisher\":{\"@id\":\"https:\\\/\\\/debeerze.nl\\\/#organization\"},\"potentialAction\":[{\"@type\":\"SearchAction\",\"target\":{\"@type\":\"EntryPoint\",\"urlTemplate\":\"https:\\\/\\\/debeerze.nl\\\/?s={search_term_string}\"},\"query-input\":{\"@type\":\"PropertyValueSpecification\",\"valueRequired\":true,\"valueName\":\"search_term_string\"}}],\"inLanguage\":\"de\"},{\"@type\":\"Organization\",\"@id\":\"https:\\\/\\\/debeerze.nl\\\/#organization\",\"name\":\"De Beerze\",\"url\":\"https:\\\/\\\/debeerze.nl\\\/\",\"logo\":{\"@type\":\"ImageObject\",\"inLanguage\":\"de\",\"@id\":\"https:\\\/\\\/debeerze.nl\\\/#\\\/schema\\\/logo\\\/image\\\/\",\"url\":\"https:\\\/\\\/debeerze.nl\\\/wp-content\\\/uploads\\\/2020\\\/02\\\/DeBeerze_Donker-scaled.jpg\",\"contentUrl\":\"https:\\\/\\\/debeerze.nl\\\/wp-content\\\/uploads\\\/2020\\\/02\\\/DeBeerze_Donker-scaled.jpg\",\"width\":2560,\"height\":1806,\"caption\":\"De Beerze\"},\"image\":{\"@id\":\"https:\\\/\\\/debeerze.nl\\\/#\\\/schema\\\/logo\\\/image\\\/\"}}]}<\/script>\n<!-- \/ Yoast SEO plugin. -->","yoast_head_json":{"title":"Ontbijt - De Beerze","description":"Voor het ontbijt werken we samen met Meesterlijk. Je kunt bij Meesterlijk ter plekke ontbijten maar je kunt ook kiezen voor een ontbijtbox.","robots":{"index":"index","follow":"follow","max-snippet":"max-snippet:-1","max-image-preview":"max-image-preview:large","max-video-preview":"max-video-preview:-1"},"canonical":"https:\/\/debeerze.nl\/de\/ontbijt\/","og_locale":"de_DE","og_type":"article","og_title":"Ontbijt - De Beerze","og_description":"Voor het ontbijt werken we samen met Meesterlijk. Je kunt bij Meesterlijk ter plekke ontbijten maar je kunt ook kiezen voor een ontbijtbox.","og_url":"https:\/\/debeerze.nl\/de\/ontbijt\/","og_site_name":"De Beerze","article_modified_time":"2026-01-06T22:07:36+00:00","twitter_card":"summary_large_image","twitter_misc":{"Gesch\u00e4tzte Lesezeit":"2\u00a0Minuten"},"schema":{"@context":"https:\/\/schema.org","@graph":[{"@type":"WebPage","@id":"https:\/\/debeerze.nl\/ontbijt\/","url":"https:\/\/debeerze.nl\/ontbijt\/","name":"Ontbijt - De Beerze","isPartOf":{"@id":"https:\/\/debeerze.nl\/#website"},"datePublished":"2022-07-21T11:31:00+00:00","dateModified":"2026-01-06T22:07:36+00:00","description":"Voor het ontbijt werken we samen met Meesterlijk. Je kunt bij Meesterlijk ter plekke ontbijten maar je kunt ook kiezen voor een ontbijtbox.","breadcrumb":{"@id":"https:\/\/debeerze.nl\/ontbijt\/#breadcrumb"},"inLanguage":"de","potentialAction":[{"@type":"ReadAction","target":["https:\/\/debeerze.nl\/ontbijt\/"]}]},{"@type":"BreadcrumbList","@id":"https:\/\/debeerze.nl\/ontbijt\/#breadcrumb","itemListElement":[{"@type":"ListItem","position":1,"name":"Home","item":"https:\/\/debeerze.nl\/"},{"@type":"ListItem","position":2,"name":"Ontbijt"}]},{"@type":"WebSite","@id":"https:\/\/debeerze.nl\/#website","url":"https:\/\/debeerze.nl\/","name":"De Beerze","description":"","publisher":{"@id":"https:\/\/debeerze.nl\/#organization"},"potentialAction":[{"@type":"SearchAction","target":{"@type":"EntryPoint","urlTemplate":"https:\/\/debeerze.nl\/?s={search_term_string}"},"query-input":{"@type":"PropertyValueSpecification","valueRequired":true,"valueName":"search_term_string"}}],"inLanguage":"de"},{"@type":"Organization","@id":"https:\/\/debeerze.nl\/#organization","name":"De Beerze","url":"https:\/\/debeerze.nl\/","logo":{"@type":"ImageObject","inLanguage":"de","@id":"https:\/\/debeerze.nl\/#\/schema\/logo\/image\/","url":"https:\/\/debeerze.nl\/wp-content\/uploads\/2020\/02\/DeBeerze_Donker-scaled.jpg","contentUrl":"https:\/\/debeerze.nl\/wp-content\/uploads\/2020\/02\/DeBeerze_Donker-scaled.jpg","width":2560,"height":1806,"caption":"De Beerze"},"image":{"@id":"https:\/\/debeerze.nl\/#\/schema\/logo\/image\/"}}]}},"_links":{"self":[{"href":"https:\/\/debeerze.nl\/de\/wp-json\/wp\/v2\/pages\/1602","targetHints":{"allow":["GET"]}}],"collection":[{"href":"https:\/\/debeerze.nl\/de\/wp-json\/wp\/v2\/pages"}],"about":[{"href":"https:\/\/debeerze.nl\/de\/wp-json\/wp\/v2\/types\/page"}],"author":[{"embeddable":true,"href":"https:\/\/debeerze.nl\/de\/wp-json\/wp\/v2\/users\/4"}],"replies":[{"embeddable":true,"href":"https:\/\/debeerze.nl\/de\/wp-json\/wp\/v2\/comments?post=1602"}],"version-history":[{"count":21,"href":"https:\/\/debeerze.nl\/de\/wp-json\/wp\/v2\/pages\/1602\/revisions"}],"predecessor-version":[{"id":2730,"href":"https:\/\/debeerze.nl\/de\/wp-json\/wp\/v2\/pages\/1602\/revisions\/2730"}],"wp:attachment":[{"href":"https:\/\/debeerze.nl\/de\/wp-json\/wp\/v2\/media?parent=1602"}],"curies":[{"name":"wp","href":"https:\/\/api.w.org\/{rel}","templated":true}]}}