{"id":13,"date":"2019-10-26T10:47:10","date_gmt":"2019-10-26T10:47:10","guid":{"rendered":"https:\/\/debeerze.nl\/?page_id=13"},"modified":"2022-11-03T11:04:36","modified_gmt":"2022-11-03T11:04:36","slug":"over-de-beerze","status":"publish","type":"page","link":"https:\/\/debeerze.nl\/de\/over-de-beerze\/","title":{"rendered":"\u00dcber die Beerze | Genie\u00dfen Sie entspannt in angenehmer Atmosph\u00e4re"},"content":{"rendered":"","protected":false},"excerpt":{"rendered":"","protected":false},"author":4,"featured_media":0,"parent":0,"menu_order":0,"comment_status":"closed","ping_status":"closed","template":"overons.php","meta":{"_acf_changed":false,"footnotes":""},"class_list":["post-13","page","type-page","status-publish","hentry"],"acf":[],"yoast_head":"<!-- This site is optimized with the Yoast SEO plugin v27.3 - https:\/\/yoast.com\/product\/yoast-seo-wordpress\/ -->\n<title>Over de Beerze | Ongedwongen genieten in een fijne sfeer - De Beerze<\/title>\n<meta name=\"description\" content=\"Bij De Beerze combineren we Brabantse gezelligheid met dorpse gemoedelijkheid. Eten &amp; drinken, slapen, feesten, vergaderen\u2026 je bent er bij De Beerze voor op de juiste plek! Gasten moeten zich thuisvoelen! We nodigen je uit het zelf te komen ervaren.\" \/>\n<meta name=\"robots\" content=\"index, follow, max-snippet:-1, max-image-preview:large, max-video-preview:-1\" \/>\n<link rel=\"canonical\" href=\"https:\/\/debeerze.nl\/de\/over-de-beerze\/\" \/>\n<meta property=\"og:locale\" content=\"de_DE\" \/>\n<meta property=\"og:type\" content=\"article\" \/>\n<meta property=\"og:title\" content=\"Over de Beerze | Ongedwongen genieten in een fijne sfeer - De Beerze\" \/>\n<meta property=\"og:description\" content=\"Bij De Beerze combineren we Brabantse gezelligheid met dorpse gemoedelijkheid. Eten &amp; drinken, slapen, feesten, vergaderen\u2026 je bent er bij De Beerze voor op de juiste plek! Gasten moeten zich thuisvoelen! We nodigen je uit het zelf te komen ervaren.\" \/>\n<meta property=\"og:url\" content=\"https:\/\/debeerze.nl\/de\/over-de-beerze\/\" \/>\n<meta property=\"og:site_name\" content=\"De Beerze\" \/>\n<meta property=\"article:modified_time\" content=\"2022-11-03T11:04:36+00:00\" \/>\n<meta name=\"twitter:card\" content=\"summary_large_image\" \/>\n<script type=\"application\/ld+json\" class=\"yoast-schema-graph\">{\"@context\":\"https:\\\/\\\/schema.org\",\"@graph\":[{\"@type\":\"WebPage\",\"@id\":\"https:\\\/\\\/debeerze.nl\\\/over-de-beerze\\\/\",\"url\":\"https:\\\/\\\/debeerze.nl\\\/over-de-beerze\\\/\",\"name\":\"Over de Beerze | Ongedwongen genieten in een fijne sfeer - De Beerze\",\"isPartOf\":{\"@id\":\"https:\\\/\\\/debeerze.nl\\\/#website\"},\"datePublished\":\"2019-10-26T10:47:10+00:00\",\"dateModified\":\"2022-11-03T11:04:36+00:00\",\"description\":\"Bij De Beerze combineren we Brabantse gezelligheid met dorpse gemoedelijkheid. Eten & drinken, slapen, feesten, vergaderen\u2026 je bent er bij De Beerze voor op de juiste plek! Gasten moeten zich thuisvoelen! We nodigen je uit het zelf te komen ervaren.\",\"breadcrumb\":{\"@id\":\"https:\\\/\\\/debeerze.nl\\\/over-de-beerze\\\/#breadcrumb\"},\"inLanguage\":\"de\",\"potentialAction\":[{\"@type\":\"ReadAction\",\"target\":[\"https:\\\/\\\/debeerze.nl\\\/over-de-beerze\\\/\"]}]},{\"@type\":\"BreadcrumbList\",\"@id\":\"https:\\\/\\\/debeerze.nl\\\/over-de-beerze\\\/#breadcrumb\",\"itemListElement\":[{\"@type\":\"ListItem\",\"position\":1,\"name\":\"Home\",\"item\":\"https:\\\/\\\/debeerze.nl\\\/\"},{\"@type\":\"ListItem\",\"position\":2,\"name\":\"Over de Beerze | Ongedwongen genieten in een fijne sfeer\"}]},{\"@type\":\"WebSite\",\"@id\":\"https:\\\/\\\/debeerze.nl\\\/#website\",\"url\":\"https:\\\/\\\/debeerze.nl\\\/\",\"name\":\"De Beerze\",\"description\":\"\",\"publisher\":{\"@id\":\"https:\\\/\\\/debeerze.nl\\\/#organization\"},\"potentialAction\":[{\"@type\":\"SearchAction\",\"target\":{\"@type\":\"EntryPoint\",\"urlTemplate\":\"https:\\\/\\\/debeerze.nl\\\/?s={search_term_string}\"},\"query-input\":{\"@type\":\"PropertyValueSpecification\",\"valueRequired\":true,\"valueName\":\"search_term_string\"}}],\"inLanguage\":\"de\"},{\"@type\":\"Organization\",\"@id\":\"https:\\\/\\\/debeerze.nl\\\/#organization\",\"name\":\"De Beerze\",\"url\":\"https:\\\/\\\/debeerze.nl\\\/\",\"logo\":{\"@type\":\"ImageObject\",\"inLanguage\":\"de\",\"@id\":\"https:\\\/\\\/debeerze.nl\\\/#\\\/schema\\\/logo\\\/image\\\/\",\"url\":\"https:\\\/\\\/debeerze.nl\\\/wp-content\\\/uploads\\\/2020\\\/02\\\/DeBeerze_Donker-scaled.jpg\",\"contentUrl\":\"https:\\\/\\\/debeerze.nl\\\/wp-content\\\/uploads\\\/2020\\\/02\\\/DeBeerze_Donker-scaled.jpg\",\"width\":2560,\"height\":1806,\"caption\":\"De Beerze\"},\"image\":{\"@id\":\"https:\\\/\\\/debeerze.nl\\\/#\\\/schema\\\/logo\\\/image\\\/\"}}]}<\/script>\n<!-- \/ Yoast SEO plugin. -->","yoast_head_json":{"title":"Over de Beerze | Ongedwongen genieten in een fijne sfeer - De Beerze","description":"Bij De Beerze combineren we Brabantse gezelligheid met dorpse gemoedelijkheid. Eten & drinken, slapen, feesten, vergaderen\u2026 je bent er bij De Beerze voor op de juiste plek! Gasten moeten zich thuisvoelen! We nodigen je uit het zelf te komen ervaren.","robots":{"index":"index","follow":"follow","max-snippet":"max-snippet:-1","max-image-preview":"max-image-preview:large","max-video-preview":"max-video-preview:-1"},"canonical":"https:\/\/debeerze.nl\/de\/over-de-beerze\/","og_locale":"de_DE","og_type":"article","og_title":"Over de Beerze | Ongedwongen genieten in een fijne sfeer - De Beerze","og_description":"Bij De Beerze combineren we Brabantse gezelligheid met dorpse gemoedelijkheid. Eten & drinken, slapen, feesten, vergaderen\u2026 je bent er bij De Beerze voor op de juiste plek! Gasten moeten zich thuisvoelen! We nodigen je uit het zelf te komen ervaren.","og_url":"https:\/\/debeerze.nl\/de\/over-de-beerze\/","og_site_name":"De Beerze","article_modified_time":"2022-11-03T11:04:36+00:00","twitter_card":"summary_large_image","schema":{"@context":"https:\/\/schema.org","@graph":[{"@type":"WebPage","@id":"https:\/\/debeerze.nl\/over-de-beerze\/","url":"https:\/\/debeerze.nl\/over-de-beerze\/","name":"Over de Beerze | Ongedwongen genieten in een fijne sfeer - De Beerze","isPartOf":{"@id":"https:\/\/debeerze.nl\/#website"},"datePublished":"2019-10-26T10:47:10+00:00","dateModified":"2022-11-03T11:04:36+00:00","description":"Bij De Beerze combineren we Brabantse gezelligheid met dorpse gemoedelijkheid. Eten & drinken, slapen, feesten, vergaderen\u2026 je bent er bij De Beerze voor op de juiste plek! Gasten moeten zich thuisvoelen! We nodigen je uit het zelf te komen ervaren.","breadcrumb":{"@id":"https:\/\/debeerze.nl\/over-de-beerze\/#breadcrumb"},"inLanguage":"de","potentialAction":[{"@type":"ReadAction","target":["https:\/\/debeerze.nl\/over-de-beerze\/"]}]},{"@type":"BreadcrumbList","@id":"https:\/\/debeerze.nl\/over-de-beerze\/#breadcrumb","itemListElement":[{"@type":"ListItem","position":1,"name":"Home","item":"https:\/\/debeerze.nl\/"},{"@type":"ListItem","position":2,"name":"Over de Beerze | Ongedwongen genieten in een fijne sfeer"}]},{"@type":"WebSite","@id":"https:\/\/debeerze.nl\/#website","url":"https:\/\/debeerze.nl\/","name":"De Beerze","description":"","publisher":{"@id":"https:\/\/debeerze.nl\/#organization"},"potentialAction":[{"@type":"SearchAction","target":{"@type":"EntryPoint","urlTemplate":"https:\/\/debeerze.nl\/?s={search_term_string}"},"query-input":{"@type":"PropertyValueSpecification","valueRequired":true,"valueName":"search_term_string"}}],"inLanguage":"de"},{"@type":"Organization","@id":"https:\/\/debeerze.nl\/#organization","name":"De Beerze","url":"https:\/\/debeerze.nl\/","logo":{"@type":"ImageObject","inLanguage":"de","@id":"https:\/\/debeerze.nl\/#\/schema\/logo\/image\/","url":"https:\/\/debeerze.nl\/wp-content\/uploads\/2020\/02\/DeBeerze_Donker-scaled.jpg","contentUrl":"https:\/\/debeerze.nl\/wp-content\/uploads\/2020\/02\/DeBeerze_Donker-scaled.jpg","width":2560,"height":1806,"caption":"De Beerze"},"image":{"@id":"https:\/\/debeerze.nl\/#\/schema\/logo\/image\/"}}]}},"_links":{"self":[{"href":"https:\/\/debeerze.nl\/de\/wp-json\/wp\/v2\/pages\/13","targetHints":{"allow":["GET"]}}],"collection":[{"href":"https:\/\/debeerze.nl\/de\/wp-json\/wp\/v2\/pages"}],"about":[{"href":"https:\/\/debeerze.nl\/de\/wp-json\/wp\/v2\/types\/page"}],"author":[{"embeddable":true,"href":"https:\/\/debeerze.nl\/de\/wp-json\/wp\/v2\/users\/4"}],"replies":[{"embeddable":true,"href":"https:\/\/debeerze.nl\/de\/wp-json\/wp\/v2\/comments?post=13"}],"version-history":[{"count":3,"href":"https:\/\/debeerze.nl\/de\/wp-json\/wp\/v2\/pages\/13\/revisions"}],"predecessor-version":[{"id":1758,"href":"https:\/\/debeerze.nl\/de\/wp-json\/wp\/v2\/pages\/13\/revisions\/1758"}],"wp:attachment":[{"href":"https:\/\/debeerze.nl\/de\/wp-json\/wp\/v2\/media?parent=13"}],"curies":[{"name":"wp","href":"https:\/\/api.w.org\/{rel}","templated":true}]}}