{"id":1206,"date":"2020-09-21T13:12:07","date_gmt":"2020-09-21T13:12:07","guid":{"rendered":"https:\/\/debeerze.nl\/?page_id=1206"},"modified":"2025-03-31T22:21:48","modified_gmt":"2025-03-31T22:21:48","slug":"tijdelijke-huisvesting","status":"publish","type":"page","link":"https:\/\/debeerze.nl\/de\/tijdelijke-huisvesting\/","title":{"rendered":"Wohnen auf Zeit in unseren Luxusstudios"},"content":{"rendered":"<p><a href=\"https:\/\/debeerze.nl\/de\/kamers\/studio\/\">Unsere Luxusstudios<\/a> kann auch f\u00fcr einen l\u00e4ngeren Zeitraum (bis zu sechs Monate) reserviert werden. Ideal, wenn Sie eine vor\u00fcbergehende Unterkunft suchen! Wegen einer Renovierung, eines Umzugs oder vielleicht aus gesch\u00e4ftlichen Gr\u00fcnden. Die Studios sind komplett m\u00f6bliert und verf\u00fcgen \u00fcber eine vollwertige und gut ausgestattete K\u00fcche, ein Schlafzimmer mit Doppelbett und ein luxuri\u00f6ses Badezimmer mit Regendusche und Waschmaschine.<\/p>\n<p>Selbstverst\u00e4ndlich verf\u00fcgen die luxuri\u00f6sen Studios \u00fcber eine gute WLAN-Verbindung und einen Flachbildfernseher. <a href=\"https:\/\/www.google.com\/maps\/@51.4673859,5.2510928,3a,75y,192.95h,89.6t\/data=!3m7!1e1!3m5!1sAF1QipPZs0BEleKk9CIDC73bml8-hszKgiSIgbC72BVQ!2e10!3e12!7i6932!8i3466\" target=\"_blank\" rel=\"noopener\">Sehen Sie sich hier das 360\u00b0-Foto eines unserer Luxusstudios an<\/a>.<\/p>\n<p>Sind Sie daran interessiert, eines unserer Luxusstudios zu mieten? Senden Sie eine E-Mail an via uns <a href=\"https:\/\/debeerze.nl\/de\/contact\/\">Kontakt Formular<\/a> und wir machen Ihnen einen netten Vorschlag und\/oder planen unverbindlich eine Tour.<\/p>\n<p><iframe loading=\"lazy\" title=\"De Beerze | Tempor\u00e4re Unterkunft\" src=\"https:\/\/www.youtube.com\/embed\/ZL500VPQ3ZE\" width=\"570\" height=\"321\" frameborder=\"0\" allowfullscreen=\"allowfullscreen\"><\/iframe><\/p>\n<p>&nbsp;<\/p>","protected":false},"excerpt":{"rendered":"<p>Onze luxe studio&#8217;s kunnen ook gereserveerd worden voor een langere periode (tot zes maanden). Ideaal als je tijdelijk woonruimte zoekt!\u00a0 Omdat je gaat verbouwen, verhuizen of misschien voor zakelijke doeleinden. De studio&#8217;s zijn volledig gemeubileerd en voorzien van een volwaardige en goed uitgeruste keuken, een slaapkamer met tweepersoonsbed en luxe badkamer met regendouche en wasmachine. &hellip;<\/p>","protected":false},"author":4,"featured_media":0,"parent":0,"menu_order":0,"comment_status":"closed","ping_status":"closed","template":"standardpage.php","meta":{"_acf_changed":false,"footnotes":""},"class_list":["post-1206","page","type-page","status-publish","hentry"],"acf":[],"yoast_head":"<!-- This site is optimized with the Yoast SEO plugin v27.3 - https:\/\/yoast.com\/product\/yoast-seo-wordpress\/ -->\n<title>Tijdelijke huisvesting in onze luxe studio&#039;s - De Beerze<\/title>\n<meta name=\"description\" content=\"Duurzaam genieten is volgens ons n\u00f3g fijner. Bij De Beerze staat duurzaamheid hoog in het vaandel en hebben we oog voor de omgeving en de toekomst.\" \/>\n<meta name=\"robots\" content=\"index, follow, max-snippet:-1, max-image-preview:large, max-video-preview:-1\" \/>\n<link rel=\"canonical\" href=\"https:\/\/debeerze.nl\/de\/tijdelijke-huisvesting\/\" \/>\n<meta property=\"og:locale\" content=\"de_DE\" \/>\n<meta property=\"og:type\" content=\"article\" \/>\n<meta property=\"og:title\" content=\"Tijdelijke huisvesting in onze luxe studio&#039;s - De Beerze\" \/>\n<meta property=\"og:description\" content=\"Duurzaam genieten is volgens ons n\u00f3g fijner. Bij De Beerze staat duurzaamheid hoog in het vaandel en hebben we oog voor de omgeving en de toekomst.\" \/>\n<meta property=\"og:url\" content=\"https:\/\/debeerze.nl\/de\/tijdelijke-huisvesting\/\" \/>\n<meta property=\"og:site_name\" content=\"De Beerze\" \/>\n<meta property=\"article:modified_time\" content=\"2025-03-31T22:21:48+00:00\" \/>\n<meta name=\"twitter:card\" content=\"summary_large_image\" \/>\n<meta name=\"twitter:label1\" content=\"Gesch\u00e4tzte Lesezeit\" \/>\n\t<meta name=\"twitter:data1\" content=\"1\u00a0Minute\" \/>\n<script type=\"application\/ld+json\" class=\"yoast-schema-graph\">{\"@context\":\"https:\\\/\\\/schema.org\",\"@graph\":[{\"@type\":\"WebPage\",\"@id\":\"https:\\\/\\\/debeerze.nl\\\/tijdelijke-huisvesting\\\/\",\"url\":\"https:\\\/\\\/debeerze.nl\\\/tijdelijke-huisvesting\\\/\",\"name\":\"Tijdelijke huisvesting in onze luxe studio's - De Beerze\",\"isPartOf\":{\"@id\":\"https:\\\/\\\/debeerze.nl\\\/#website\"},\"datePublished\":\"2020-09-21T13:12:07+00:00\",\"dateModified\":\"2025-03-31T22:21:48+00:00\",\"description\":\"Duurzaam genieten is volgens ons n\u00f3g fijner. Bij De Beerze staat duurzaamheid hoog in het vaandel en hebben we oog voor de omgeving en de toekomst.\",\"breadcrumb\":{\"@id\":\"https:\\\/\\\/debeerze.nl\\\/tijdelijke-huisvesting\\\/#breadcrumb\"},\"inLanguage\":\"de\",\"potentialAction\":[{\"@type\":\"ReadAction\",\"target\":[\"https:\\\/\\\/debeerze.nl\\\/tijdelijke-huisvesting\\\/\"]}]},{\"@type\":\"BreadcrumbList\",\"@id\":\"https:\\\/\\\/debeerze.nl\\\/tijdelijke-huisvesting\\\/#breadcrumb\",\"itemListElement\":[{\"@type\":\"ListItem\",\"position\":1,\"name\":\"Home\",\"item\":\"https:\\\/\\\/debeerze.nl\\\/\"},{\"@type\":\"ListItem\",\"position\":2,\"name\":\"Tijdelijke huisvesting in onze luxe studio&#8217;s\"}]},{\"@type\":\"WebSite\",\"@id\":\"https:\\\/\\\/debeerze.nl\\\/#website\",\"url\":\"https:\\\/\\\/debeerze.nl\\\/\",\"name\":\"De Beerze\",\"description\":\"\",\"publisher\":{\"@id\":\"https:\\\/\\\/debeerze.nl\\\/#organization\"},\"potentialAction\":[{\"@type\":\"SearchAction\",\"target\":{\"@type\":\"EntryPoint\",\"urlTemplate\":\"https:\\\/\\\/debeerze.nl\\\/?s={search_term_string}\"},\"query-input\":{\"@type\":\"PropertyValueSpecification\",\"valueRequired\":true,\"valueName\":\"search_term_string\"}}],\"inLanguage\":\"de\"},{\"@type\":\"Organization\",\"@id\":\"https:\\\/\\\/debeerze.nl\\\/#organization\",\"name\":\"De Beerze\",\"url\":\"https:\\\/\\\/debeerze.nl\\\/\",\"logo\":{\"@type\":\"ImageObject\",\"inLanguage\":\"de\",\"@id\":\"https:\\\/\\\/debeerze.nl\\\/#\\\/schema\\\/logo\\\/image\\\/\",\"url\":\"https:\\\/\\\/debeerze.nl\\\/wp-content\\\/uploads\\\/2020\\\/02\\\/DeBeerze_Donker-scaled.jpg\",\"contentUrl\":\"https:\\\/\\\/debeerze.nl\\\/wp-content\\\/uploads\\\/2020\\\/02\\\/DeBeerze_Donker-scaled.jpg\",\"width\":2560,\"height\":1806,\"caption\":\"De Beerze\"},\"image\":{\"@id\":\"https:\\\/\\\/debeerze.nl\\\/#\\\/schema\\\/logo\\\/image\\\/\"}}]}<\/script>\n<!-- \/ Yoast SEO plugin. -->","yoast_head_json":{"title":"Tijdelijke huisvesting in onze luxe studio's - De Beerze","description":"Duurzaam genieten is volgens ons n\u00f3g fijner. Bij De Beerze staat duurzaamheid hoog in het vaandel en hebben we oog voor de omgeving en de toekomst.","robots":{"index":"index","follow":"follow","max-snippet":"max-snippet:-1","max-image-preview":"max-image-preview:large","max-video-preview":"max-video-preview:-1"},"canonical":"https:\/\/debeerze.nl\/de\/tijdelijke-huisvesting\/","og_locale":"de_DE","og_type":"article","og_title":"Tijdelijke huisvesting in onze luxe studio's - De Beerze","og_description":"Duurzaam genieten is volgens ons n\u00f3g fijner. Bij De Beerze staat duurzaamheid hoog in het vaandel en hebben we oog voor de omgeving en de toekomst.","og_url":"https:\/\/debeerze.nl\/de\/tijdelijke-huisvesting\/","og_site_name":"De Beerze","article_modified_time":"2025-03-31T22:21:48+00:00","twitter_card":"summary_large_image","twitter_misc":{"Gesch\u00e4tzte Lesezeit":"1\u00a0Minute"},"schema":{"@context":"https:\/\/schema.org","@graph":[{"@type":"WebPage","@id":"https:\/\/debeerze.nl\/tijdelijke-huisvesting\/","url":"https:\/\/debeerze.nl\/tijdelijke-huisvesting\/","name":"Tijdelijke huisvesting in onze luxe studio's - De Beerze","isPartOf":{"@id":"https:\/\/debeerze.nl\/#website"},"datePublished":"2020-09-21T13:12:07+00:00","dateModified":"2025-03-31T22:21:48+00:00","description":"Duurzaam genieten is volgens ons n\u00f3g fijner. Bij De Beerze staat duurzaamheid hoog in het vaandel en hebben we oog voor de omgeving en de toekomst.","breadcrumb":{"@id":"https:\/\/debeerze.nl\/tijdelijke-huisvesting\/#breadcrumb"},"inLanguage":"de","potentialAction":[{"@type":"ReadAction","target":["https:\/\/debeerze.nl\/tijdelijke-huisvesting\/"]}]},{"@type":"BreadcrumbList","@id":"https:\/\/debeerze.nl\/tijdelijke-huisvesting\/#breadcrumb","itemListElement":[{"@type":"ListItem","position":1,"name":"Home","item":"https:\/\/debeerze.nl\/"},{"@type":"ListItem","position":2,"name":"Tijdelijke huisvesting in onze luxe studio&#8217;s"}]},{"@type":"WebSite","@id":"https:\/\/debeerze.nl\/#website","url":"https:\/\/debeerze.nl\/","name":"De Beerze","description":"","publisher":{"@id":"https:\/\/debeerze.nl\/#organization"},"potentialAction":[{"@type":"SearchAction","target":{"@type":"EntryPoint","urlTemplate":"https:\/\/debeerze.nl\/?s={search_term_string}"},"query-input":{"@type":"PropertyValueSpecification","valueRequired":true,"valueName":"search_term_string"}}],"inLanguage":"de"},{"@type":"Organization","@id":"https:\/\/debeerze.nl\/#organization","name":"De Beerze","url":"https:\/\/debeerze.nl\/","logo":{"@type":"ImageObject","inLanguage":"de","@id":"https:\/\/debeerze.nl\/#\/schema\/logo\/image\/","url":"https:\/\/debeerze.nl\/wp-content\/uploads\/2020\/02\/DeBeerze_Donker-scaled.jpg","contentUrl":"https:\/\/debeerze.nl\/wp-content\/uploads\/2020\/02\/DeBeerze_Donker-scaled.jpg","width":2560,"height":1806,"caption":"De Beerze"},"image":{"@id":"https:\/\/debeerze.nl\/#\/schema\/logo\/image\/"}}]}},"_links":{"self":[{"href":"https:\/\/debeerze.nl\/de\/wp-json\/wp\/v2\/pages\/1206","targetHints":{"allow":["GET"]}}],"collection":[{"href":"https:\/\/debeerze.nl\/de\/wp-json\/wp\/v2\/pages"}],"about":[{"href":"https:\/\/debeerze.nl\/de\/wp-json\/wp\/v2\/types\/page"}],"author":[{"embeddable":true,"href":"https:\/\/debeerze.nl\/de\/wp-json\/wp\/v2\/users\/4"}],"replies":[{"embeddable":true,"href":"https:\/\/debeerze.nl\/de\/wp-json\/wp\/v2\/comments?post=1206"}],"version-history":[{"count":4,"href":"https:\/\/debeerze.nl\/de\/wp-json\/wp\/v2\/pages\/1206\/revisions"}],"predecessor-version":[{"id":2676,"href":"https:\/\/debeerze.nl\/de\/wp-json\/wp\/v2\/pages\/1206\/revisions\/2676"}],"wp:attachment":[{"href":"https:\/\/debeerze.nl\/de\/wp-json\/wp\/v2\/media?parent=1206"}],"curies":[{"name":"wp","href":"https:\/\/api.w.org\/{rel}","templated":true}]}}